{"id":5812,"date":"2023-02-04T13:28:17","date_gmt":"2023-02-04T18:28:17","guid":{"rendered":"https:\/\/cadenaresearch.com\/nous-contacter\/"},"modified":"2026-03-03T15:47:01","modified_gmt":"2026-03-03T20:47:01","slug":"nous-contacter","status":"publish","type":"page","link":"https:\/\/cadenaresearch.com\/fr\/nous-contacter\/","title":{"rendered":"Nous contacter"},"content":{"rendered":"\t\t<div data-elementor-type=\"wp-page\" data-elementor-id=\"5812\" class=\"elementor elementor-5812 elementor-220\" data-elementor-post-type=\"page\">\n\t\t\t\t\t\t<section class=\"elementor-section elementor-top-section elementor-element elementor-element-0a57f8b elementor-section-boxed elementor-section-height-default elementor-section-height-default\" data-id=\"0a57f8b\" data-element_type=\"section\">\n\t\t\t\t\t\t<div class=\"elementor-container elementor-column-gap-default\">\n\t\t\t\t\t<div class=\"elementor-column elementor-col-100 elementor-top-column elementor-element elementor-element-3a7c3d6\" data-id=\"3a7c3d6\" data-element_type=\"column\">\n\t\t\t<div class=\"elementor-widget-wrap elementor-element-populated\">\n\t\t\t\t\t\t<div class=\"elementor-element elementor-element-0c444c7 elementor-widget elementor-widget-heading\" data-id=\"0c444c7\" data-element_type=\"widget\" data-widget_type=\"heading.default\">\n\t\t\t\t<div class=\"elementor-widget-container\">\n\t\t\t\t\t<h2 class=\"elementor-heading-title elementor-size-default\">Nous contacter<\/h2>\t\t\t\t<\/div>\n\t\t\t\t<\/div>\n\t\t\t\t<div class=\"elementor-element elementor-element-a0caa5f elementor-widget elementor-widget-text-editor\" data-id=\"a0caa5f\" data-element_type=\"widget\" data-widget_type=\"text-editor.default\">\n\t\t\t\t<div class=\"elementor-widget-container\">\n\t\t\t\t\t\t\t\t\t<p>Vous \u00eates pr\u00eats \u00e0 faire avancer votre projet en toute confiance ? Vous avez une question sur nos solutions et services ? Vous souhaitez \u00e9tablir un partenariat avec nous ? Envoyez-nous un courriel et nous vous contacterons dans les plus brefs d\u00e9lais.<\/p>\n\t\t\t\t\t\t\t\t<\/div>\n\t\t\t\t<\/div>\n\t\t\t\t<div class=\"elementor-element elementor-element-17cbf8f elementor-widget elementor-widget-text-editor\" data-id=\"17cbf8f\" data-element_type=\"widget\" data-widget_type=\"text-editor.default\">\n\t\t\t\t<div class=\"elementor-widget-container\">\n\t\t\t\t\t\t\t\t\t<p><strong>Cadena Research<\/strong><br \/><span style=\"color: #007dfe;\"><a style=\"color: #007dfe;\" href=\"mailto:info@cadenaresearch.com\">info@cadenaresearch.com<\/a><\/span><strong><br \/><\/strong><\/p>\n<p><strong>Adresse postale :<\/strong><br \/>Suite 301A<br \/>175 Longwood Rd S.<br \/>Hamilton, Ontario, Canada, L8P 0A1<\/p>\n\t\t\t\t\t\t\t\t<\/div>\n\t\t\t\t<\/div>\n\t\t\t\t\t<\/div>\n\t\t<\/div>\n\t\t\t\t\t<\/div>\n\t\t<\/section>\n\t\t\t\t<section class=\"elementor-section elementor-top-section elementor-element elementor-element-3d20555 elementor-section-boxed elementor-section-height-default elementor-section-height-default\" data-id=\"3d20555\" data-element_type=\"section\">\n\t\t\t\t\t\t<div class=\"elementor-container elementor-column-gap-default\">\n\t\t\t\t\t<div class=\"elementor-column elementor-col-100 elementor-top-column elementor-element elementor-element-5e92b81\" data-id=\"5e92b81\" data-element_type=\"column\">\n\t\t\t<div class=\"elementor-widget-wrap elementor-element-populated\">\n\t\t\t\t\t\t<div class=\"elementor-element elementor-element-2338685 elementor-widget__width-inherit elementor-widget elementor-widget-html\" data-id=\"2338685\" data-element_type=\"widget\" data-widget_type=\"html.default\">\n\t\t\t\t<div class=\"elementor-widget-container\">\n\t\t\t\t\t \t\t\t\t<\/div>\n\t\t\t\t<\/div>\n\t\t\t\t<div class=\"elementor-element elementor-element-874715d elementor-widget elementor-widget-html\" data-id=\"874715d\" data-element_type=\"widget\" data-widget_type=\"html.default\">\n\t\t\t\t<div class=\"elementor-widget-container\">\n\t\t\t\t\t<div id=\"zf_div_tpp01K0p9jTHmIVi55tKt_Y3tzO-ZnPla7s0l4pSvlY\">\r\n<\/div>\r\n<script type=\"text\/javascript\">\r\n(function() {\r\n\ttry{\r\n\t\tvar f = document.createElement(\"iframe\");\r\n\t\t\r\n\t\t\tvar ifrmSrc = 'https:\/\/forms.zohopublic.com\/cpdcone1\/form\/ContactUs\/formperma\/tpp01K0p9jTHmIVi55tKt_Y3tzO-ZnPla7s0l4pSvlY?zf_lang=fr&zf_rszfm=1';\r\n\t\t\r\n\t\t\r\n        try{\r\n\t\t\tif ( typeof ZFAdvLead != \"undefined\" && typeof zfutm_zfAdvLead != \"undefined\" ) {\r\n\t\t\t\tfor( var prmIdx = 0 ; prmIdx < ZFAdvLead.utmPNameArr.length ; prmIdx ++ ) {\r\n\t\t\t\t    var utmPm = ZFAdvLead.utmPNameArr[ prmIdx ];\r\n\t\t\t\t    utmPm = ( ZFAdvLead.isSameDomian && ( ZFAdvLead.utmcustPNameArr.indexOf(utmPm) == -1 ) ) ? \"zf_\" + utmPm : utmPm;\r\n\t\t\t\t    var utmVal = zfutm_zfAdvLead.zfautm_gC_enc( ZFAdvLead.utmPNameArr[ prmIdx ] );\r\n\t\t\t\t    if ( typeof utmVal !== \"undefined\" ) {\r\n\t\t\t\t      if ( utmVal != \"\" ) {\r\n\t\t\t\t        if(ifrmSrc.indexOf('?') > 0){\r\n\t\t\t\t             ifrmSrc = ifrmSrc+'&'+utmPm+'='+utmVal;\r\n\t\t\t\t        }else{\r\n\t\t\t\t            ifrmSrc = ifrmSrc+'?'+utmPm+'='+utmVal;\r\n\t\t\t\t        }\r\n\t\t\t\t      }\r\n\t\t\t\t    }\r\n\t\t\t\t}\r\n\t\t\t}\r\n\t\t\tif ( typeof ZFLead !== \"undefined\" && typeof zfutm_zfLead !== \"undefined\" ) {\r\n\t\t\t\tfor( var prmIdx = 0 ; prmIdx < ZFLead.utmPNameArr.length ; prmIdx ++ ) {\r\n\t\t        \tvar utmPm = ZFLead.utmPNameArr[ prmIdx ];\r\n\t\t        \tvar utmVal = zfutm_zfLead.zfutm_gC_enc( ZFLead.utmPNameArr[ prmIdx ] );\r\n\t\t\t        if ( typeof utmVal !== \"undefined\" ) {\r\n\t\t\t          if ( utmVal != \"\" ){\r\n\t\t\t            if(ifrmSrc.indexOf('?') > 0){\r\n\t\t\t              ifrmSrc = ifrmSrc+'&'+utmPm+'='+utmVal;\/\/No I18N\r\n\t\t\t            }else{\r\n\t\t\t              ifrmSrc = ifrmSrc+'?'+utmPm+'='+utmVal;\/\/No I18N\r\n\t\t\t            }\r\n\t\t\t          }\r\n\t\t\t        }\r\n\t\t      \t}\r\n\t\t\t}\r\n\t\t}catch(e){}\r\n\t\t\r\n\t\tf.src = ifrmSrc;\r\n\t\tf.style.border=\"none\";\r\n\t\tf.style.height=\"1520px\";\r\n\t\tf.style.width=\"90%\";\r\n\t\tf.style.transition=\"all 0.5s ease\";\r\n\t\tf.setAttribute(\"aria-label\", 'Contact Us');\r\n\t\t\r\n\t\tvar d = document.getElementById(\"zf_div_tpp01K0p9jTHmIVi55tKt_Y3tzO-ZnPla7s0l4pSvlY\");\r\n\t\td.appendChild(f);\r\n\t\twindow.addEventListener('message', function (){\r\n\t\t\tvar evntData = event.data;\r\n\t\t\tif( evntData && evntData.constructor == String ){\r\n\t\t\t\tvar zf_ifrm_data = evntData.split(\"|\");\r\n\t\t\t\tif ( zf_ifrm_data.length == 2 || zf_ifrm_data.length == 3 ) {\r\n\t\t\t\t\tvar zf_perma = zf_ifrm_data[0];\r\n\t\t\t\t\tvar zf_ifrm_ht_nw = ( parseInt(zf_ifrm_data[1], 10) + 15 ) + \"px\";\r\n\t\t\t\t\tvar iframe = document.getElementById(\"zf_div_tpp01K0p9jTHmIVi55tKt_Y3tzO-ZnPla7s0l4pSvlY\").getElementsByTagName(\"iframe\")[0];\r\n\t\t\t\t\tif ( (iframe.src).indexOf('formperma') > 0 && (iframe.src).indexOf(zf_perma) > 0 ) {\r\n\t\t\t\t\t\tvar prevIframeHeight = iframe.style.height;\r\n\t\t\t\t\t\tvar zf_tout = false;\r\n\t\t\t\t\t\tif( zf_ifrm_data.length == 3 ) {\r\n\t\t\t\t\t\t    iframe.scrollIntoView();\r\n\t\t\t\t\t\t    zf_tout = true;\r\n\t\t\t\t\t\t}\r\n\r\n\t\t\t\t\t\tif ( prevIframeHeight != zf_ifrm_ht_nw ) {\r\n\t\t\t\t\t\t\tif( zf_tout ) {\r\n\t\t\t\t\t\t\t    setTimeout(function(){\r\n\t\t\t\t\t\t\t        iframe.style.height = zf_ifrm_ht_nw;\r\n\t\t\t\t\t\t\t    },500);\r\n\t\t\t\t\t\t\t} else {\r\n\t\t\t\t\t\t\t    iframe.style.height = zf_ifrm_ht_nw;\r\n\t\t\t\t\t\t\t}\r\n\t\t\t\t\t\t}\r\n\t\t\t\t\t}\r\n\t\t\t\t}\r\n\t\t\t}\r\n\t\t}, false);\r\n    }catch(e){}\r\n})();\r\n<\/script>\t\t\t\t\t<\/div>\n\t\t\t\t<\/div>\n\t\t\t\t\t<\/div>\n\t\t<\/div>\n\t\t\t\t\t<\/div>\n\t\t<\/section>\n\t\t\t\t<section class=\"elementor-section elementor-top-section elementor-element elementor-element-42e8551 elementor-section-boxed elementor-section-height-default elementor-section-height-default\" data-id=\"42e8551\" data-element_type=\"section\">\n\t\t\t\t\t\t<div class=\"elementor-container elementor-column-gap-default\">\n\t\t\t\t\t<div class=\"elementor-column elementor-col-100 elementor-top-column elementor-element elementor-element-ec6739c\" data-id=\"ec6739c\" data-element_type=\"column\">\n\t\t\t<div class=\"elementor-widget-wrap elementor-element-populated\">\n\t\t\t\t\t\t<div class=\"elementor-element elementor-element-045ec25 elementor-widget elementor-widget-spacer\" data-id=\"045ec25\" data-element_type=\"widget\" data-widget_type=\"spacer.default\">\n\t\t\t\t<div class=\"elementor-widget-container\">\n\t\t\t\t\t\t\t<div class=\"elementor-spacer\">\n\t\t\t<div class=\"elementor-spacer-inner\"><\/div>\n\t\t<\/div>\n\t\t\t\t\t\t<\/div>\n\t\t\t\t<\/div>\n\t\t\t\t\t<\/div>\n\t\t<\/div>\n\t\t\t\t\t<\/div>\n\t\t<\/section>\n\t\t\t\t<\/div>\n\t\t","protected":false},"excerpt":{"rendered":"<p>Nous contacter Vous \u00eates pr\u00eats \u00e0 faire avancer votre projet en toute confiance ? Vous avez une question sur nos solutions et services ? Vous souhaitez \u00e9tablir un partenariat avec nous ? Envoyez-nous un courriel et nous vous contacterons dans les plus brefs d\u00e9lais. Cadena Researchinfo@cadenaresearch.com Adresse postale :Suite 301A175 Longwood Rd S.Hamilton, Ontario, Canada, &#8230; <a title=\"Nous contacter\" class=\"read-more\" href=\"https:\/\/cadenaresearch.com\/fr\/nous-contacter\/\" aria-label=\"Read more about Nous contacter\">Read more<\/a><\/p>\n","protected":false},"author":2,"featured_media":0,"parent":0,"menu_order":0,"comment_status":"closed","ping_status":"closed","template":"elementor_header_footer","meta":{"footnotes":""},"class_list":["post-5812","page","type-page","status-publish"],"aioseo_notices":[],"_links":{"self":[{"href":"https:\/\/cadenaresearch.com\/fr\/wp-json\/wp\/v2\/pages\/5812","targetHints":{"allow":["GET"]}}],"collection":[{"href":"https:\/\/cadenaresearch.com\/fr\/wp-json\/wp\/v2\/pages"}],"about":[{"href":"https:\/\/cadenaresearch.com\/fr\/wp-json\/wp\/v2\/types\/page"}],"author":[{"embeddable":true,"href":"https:\/\/cadenaresearch.com\/fr\/wp-json\/wp\/v2\/users\/2"}],"replies":[{"embeddable":true,"href":"https:\/\/cadenaresearch.com\/fr\/wp-json\/wp\/v2\/comments?post=5812"}],"version-history":[{"count":6,"href":"https:\/\/cadenaresearch.com\/fr\/wp-json\/wp\/v2\/pages\/5812\/revisions"}],"predecessor-version":[{"id":6059,"href":"https:\/\/cadenaresearch.com\/fr\/wp-json\/wp\/v2\/pages\/5812\/revisions\/6059"}],"wp:attachment":[{"href":"https:\/\/cadenaresearch.com\/fr\/wp-json\/wp\/v2\/media?parent=5812"}],"curies":[{"name":"wp","href":"https:\/\/api.w.org\/{rel}","templated":true}]}}