{"id":5809,"date":"2025-08-22T11:05:07","date_gmt":"2025-08-22T15:05:07","guid":{"rendered":"https:\/\/cadenaresearch.com\/carrieres\/"},"modified":"2026-04-22T11:52:49","modified_gmt":"2026-04-22T15:52:49","slug":"carrieres","status":"publish","type":"page","link":"https:\/\/cadenaresearch.com\/fr\/carrieres\/","title":{"rendered":"Carri\u00e8res"},"content":{"rendered":"\t\t<div data-elementor-type=\"wp-page\" data-elementor-id=\"5809\" class=\"elementor elementor-5809 elementor-4932\" data-elementor-post-type=\"page\">\n\t\t\t\t\t\t<section class=\"elementor-section elementor-top-section elementor-element elementor-element-0167947 elementor-section-boxed elementor-section-height-default elementor-section-height-default\" data-id=\"0167947\" data-element_type=\"section\">\n\t\t\t\t\t\t<div class=\"elementor-container elementor-column-gap-default\">\n\t\t\t\t\t<div class=\"elementor-column elementor-col-100 elementor-top-column elementor-element elementor-element-1e85891\" data-id=\"1e85891\" data-element_type=\"column\">\n\t\t\t<div class=\"elementor-widget-wrap elementor-element-populated\">\n\t\t\t\t\t\t<div class=\"elementor-element elementor-element-46eef2b elementor-widget elementor-widget-heading\" data-id=\"46eef2b\" data-element_type=\"widget\" data-widget_type=\"heading.default\">\n\t\t\t\t<div class=\"elementor-widget-container\">\n\t\t\t\t\t<h2 class=\"elementor-heading-title elementor-size-default\">Carri\u00e8res<\/h2>\t\t\t\t<\/div>\n\t\t\t\t<\/div>\n\t\t\t\t<div class=\"elementor-element elementor-element-1f13b88 elementor-widget elementor-widget-text-editor\" data-id=\"1f13b88\" data-element_type=\"widget\" data-widget_type=\"text-editor.default\">\n\t\t\t\t<div class=\"elementor-widget-container\">\n\t\t\t\t\t\t\t\t\t<p>Vous \u00eates passionn\u00e9 par les produits radiopharmaceutiques ? Vous voulez vous joindre \u00e0 une \u00e9quipe de chefs de file dans ce secteur passionnant et en pleine \u00e9volution ? Postulez \u00e0 l&rsquo;une de nos offres d&#8217;emploi ci-dessous ou <a href=\"\/?page_id=220\" data-mce-href=\"https:\/\/cadenaresearch.com\/fr\/nous-contacter\/\">envoyez-nous<\/a> votre CV et votre lettre de motivation.<\/p>\n\t\t\t\t\t\t\t\t<\/div>\n\t\t\t\t<\/div>\n\t\t\t\t\t<\/div>\n\t\t<\/div>\n\t\t\t\t\t<\/div>\n\t\t<\/section>\n\t\t\t\t<section class=\"elementor-section elementor-top-section elementor-element elementor-element-a4da585 elementor-section-boxed elementor-section-height-default elementor-section-height-default\" data-id=\"a4da585\" data-element_type=\"section\" data-settings=\"{&quot;background_background&quot;:&quot;classic&quot;}\">\n\t\t\t\t\t\t<div class=\"elementor-container elementor-column-gap-wider\">\n\t\t\t\t\t<div class=\"elementor-column elementor-col-100 elementor-top-column elementor-element elementor-element-2c12903\" data-id=\"2c12903\" data-element_type=\"column\">\n\t\t\t<div class=\"elementor-widget-wrap elementor-element-populated\">\n\t\t\t\t\t\t<div class=\"elementor-element elementor-element-78b6d48 elementor-widget elementor-widget-text-editor\" data-id=\"78b6d48\" data-element_type=\"widget\" data-widget_type=\"text-editor.default\">\n\t\t\t\t<div class=\"elementor-widget-container\">\n\t\t\t\t\t\t\t\t\t<p><span style=\"color: #91d4ff;\"><strong>Opportunit\u00e9s actuelles<br \/><\/strong><\/span><\/p><ul><li><span style=\"color: #ffffff;\"><a style=\"color: #ffffff;\" href=\"https:\/\/www.linkedin.com\/jobs\/view\/4403523982\/\">Sp\u00e9cialiste en communication marketing<\/a><\/span><\/li><\/ul>\t\t\t\t\t\t\t\t<\/div>\n\t\t\t\t<\/div>\n\t\t\t\t<div class=\"elementor-element elementor-element-7f52333 elementor-widget elementor-widget-spacer\" data-id=\"7f52333\" data-element_type=\"widget\" data-widget_type=\"spacer.default\">\n\t\t\t\t<div class=\"elementor-widget-container\">\n\t\t\t\t\t\t\t<div class=\"elementor-spacer\">\n\t\t\t<div class=\"elementor-spacer-inner\"><\/div>\n\t\t<\/div>\n\t\t\t\t\t\t<\/div>\n\t\t\t\t<\/div>\n\t\t\t\t\t<\/div>\n\t\t<\/div>\n\t\t\t\t\t<\/div>\n\t\t<\/section>\n\t\t\t\t<\/div>\n\t\t","protected":false},"excerpt":{"rendered":"<p>Carri\u00e8res Vous \u00eates passionn\u00e9 par les produits radiopharmaceutiques ? Vous voulez vous joindre \u00e0 une \u00e9quipe de chefs de file dans ce secteur passionnant et en pleine \u00e9volution ? Postulez \u00e0 l&rsquo;une de nos offres d&#8217;emploi ci-dessous ou envoyez-nous votre CV et votre lettre de motivation. Opportunit\u00e9s actuelles Sp\u00e9cialiste en communication marketing<\/p>\n","protected":false},"author":8,"featured_media":0,"parent":0,"menu_order":0,"comment_status":"closed","ping_status":"closed","template":"elementor_header_footer","meta":{"footnotes":""},"class_list":["post-5809","page","type-page","status-publish"],"aioseo_notices":[],"_links":{"self":[{"href":"https:\/\/cadenaresearch.com\/fr\/wp-json\/wp\/v2\/pages\/5809","targetHints":{"allow":["GET"]}}],"collection":[{"href":"https:\/\/cadenaresearch.com\/fr\/wp-json\/wp\/v2\/pages"}],"about":[{"href":"https:\/\/cadenaresearch.com\/fr\/wp-json\/wp\/v2\/types\/page"}],"author":[{"embeddable":true,"href":"https:\/\/cadenaresearch.com\/fr\/wp-json\/wp\/v2\/users\/8"}],"replies":[{"embeddable":true,"href":"https:\/\/cadenaresearch.com\/fr\/wp-json\/wp\/v2\/comments?post=5809"}],"version-history":[{"count":25,"href":"https:\/\/cadenaresearch.com\/fr\/wp-json\/wp\/v2\/pages\/5809\/revisions"}],"predecessor-version":[{"id":6127,"href":"https:\/\/cadenaresearch.com\/fr\/wp-json\/wp\/v2\/pages\/5809\/revisions\/6127"}],"wp:attachment":[{"href":"https:\/\/cadenaresearch.com\/fr\/wp-json\/wp\/v2\/media?parent=5809"}],"curies":[{"name":"wp","href":"https:\/\/api.w.org\/{rel}","templated":true}]}}