{"id":5806,"date":"2025-08-22T12:56:17","date_gmt":"2025-08-22T16:56:17","guid":{"rendered":"https:\/\/cadenaresearch.com\/evenements\/"},"modified":"2026-04-22T14:28:57","modified_gmt":"2026-04-22T18:28:57","slug":"evenements","status":"publish","type":"page","link":"https:\/\/cadenaresearch.com\/fr\/evenements\/","title":{"rendered":"\u00c9v\u00e9nements"},"content":{"rendered":"\t\t<div data-elementor-type=\"wp-page\" data-elementor-id=\"5806\" class=\"elementor elementor-5806 elementor-4968\" data-elementor-post-type=\"page\">\n\t\t\t\t\t\t<section class=\"elementor-section elementor-top-section elementor-element elementor-element-ca5beaf elementor-section-boxed elementor-section-height-default elementor-section-height-default\" data-id=\"ca5beaf\" data-element_type=\"section\">\n\t\t\t\t\t\t<div class=\"elementor-container elementor-column-gap-default\">\n\t\t\t\t\t<div class=\"elementor-column elementor-col-100 elementor-top-column elementor-element elementor-element-4dc9fd2\" data-id=\"4dc9fd2\" data-element_type=\"column\">\n\t\t\t<div class=\"elementor-widget-wrap elementor-element-populated\">\n\t\t\t\t\t\t<div class=\"elementor-element elementor-element-0020690 elementor-widget elementor-widget-heading\" data-id=\"0020690\" data-element_type=\"widget\" data-widget_type=\"heading.default\">\n\t\t\t\t<div class=\"elementor-widget-container\">\n\t\t\t\t\t<h2 class=\"elementor-heading-title elementor-size-default\">\u00c9v\u00e9nements<\/h2>\t\t\t\t<\/div>\n\t\t\t\t<\/div>\n\t\t\t\t<div class=\"elementor-element elementor-element-6d2b184 elementor-widget elementor-widget-text-editor\" data-id=\"6d2b184\" data-element_type=\"widget\" data-widget_type=\"text-editor.default\">\n\t\t\t\t<div class=\"elementor-widget-container\">\n\t\t\t\t\t\t\t\t\t<p><strong>Cadena Research<\/strong> est toujours en mouvement, \u00e0 la recherche de la meilleure fa\u00e7on de soutenir nos clients et de contribuer \u00e0 l&rsquo;industrie. Vous trouverez ci-dessous nos \u00e9v\u00e9nements pass\u00e9s et futurs. <\/p>\n\t\t\t\t\t\t\t\t<\/div>\n\t\t\t\t<\/div>\n\t\t\t\t\t<\/div>\n\t\t<\/div>\n\t\t\t\t\t<\/div>\n\t\t<\/section>\n\t\t\t\t<section class=\"elementor-section elementor-top-section elementor-element elementor-element-e708ca8 elementor-section-boxed elementor-section-height-default elementor-section-height-default\" data-id=\"e708ca8\" data-element_type=\"section\" data-settings=\"{&quot;background_background&quot;:&quot;classic&quot;}\">\n\t\t\t\t\t\t<div class=\"elementor-container elementor-column-gap-wider\">\n\t\t\t\t\t<div class=\"elementor-column elementor-col-100 elementor-top-column elementor-element elementor-element-446a66d\" data-id=\"446a66d\" data-element_type=\"column\">\n\t\t\t<div class=\"elementor-widget-wrap elementor-element-populated\">\n\t\t\t\t\t\t<div class=\"elementor-element elementor-element-f902dca elementor-widget elementor-widget-heading\" data-id=\"f902dca\" data-element_type=\"widget\" data-widget_type=\"heading.default\">\n\t\t\t\t<div class=\"elementor-widget-container\">\n\t\t\t\t\t<h4 class=\"elementor-heading-title elementor-size-default\"> \u00c9v\u00e9nements \u00e0 venir<\/h4>\t\t\t\t<\/div>\n\t\t\t\t<\/div>\n\t\t\t\t<div class=\"elementor-element elementor-element-375e37e elementor-widget__width-initial elementor-widget-mobile__width-inherit elementor-widget elementor-widget-text-editor\" data-id=\"375e37e\" data-element_type=\"widget\" data-widget_type=\"text-editor.default\">\n\t\t\t\t<div class=\"elementor-widget-container\">\n\t\t\t\t\t\t\t\t\t<p><span style=\"color: #ffffff;\"><b>Cadena Research<\/b><\/span> participera prochainement \u00e0 ces conf\u00e9rences. <span style=\"color: #ffffff;\">N&rsquo;h\u00e9sitez pas \u00e0 venir nous rencontrer sur place !<\/span><\/p><p><strong style=\"font-size: inherit;\"><span style=\"color: #91d4ff;\">Mai 2026<\/span><\/strong><\/p><ul><li><span style=\"text-decoration: underline;\"><span style=\"color: #ffffff; text-decoration: underline;\"><a style=\"color: #ffffff; text-decoration: underline;\" href=\"https:\/\/www.canadianisotopes.ca\/leaders-summit-2026\/\">Canadian Radiotheranostics Leaders Summit<\/a> <\/span><\/span>\u00e0 Toronto, au Canada, les <span style=\"color: #00ff00;\">25 et 26 mai<\/span> 2026.<\/li><li><span style=\"color: #ffffff;\"><a style=\"color: #ffffff;\" href=\"https:\/\/snmmi.org\/AM\/AM\/Home.aspx\"><u>SNMMI Annual Meeting<\/u><\/a><\/span> \u00e0 Los Angeles, aux \u00c9tats-Unis, du <span style=\"color: #00ff00;\">30 mai au 2 juin<\/span> 2026.<\/li><\/ul><p><strong style=\"font-size: inherit;\"><span style=\"color: #91d4ff;\">Juin 2026<\/span><\/strong><\/p><ul><li><span style=\"color: #ffffff;\"><a style=\"color: #ffffff;\" href=\"https:\/\/convention.bio.org\/\"><u>BIO International convention<\/u><\/a><u> <\/u><\/span>\u00e0 San Diego, aux \u00c9tats-Unis, du <span style=\"color: #00ff00;\">22 au 25 juin<\/span> 2026.<\/li><\/ul><p><strong style=\"font-size: inherit;\"><span style=\"color: #91d4ff;\">Juillet 2026<\/span><\/strong><\/p><ul><li><span style=\"color: #ffffff;\"><a style=\"color: #ffffff;\" href=\"https:\/\/targeted-radiopharma-us.com\/\"><u>TRP Targeted Radiopharmaceuticals Summit<\/u><\/a><u>\u00a0<\/u><\/span>\u00e0 San Diego, aux \u00c9tats-Unis, du <span style=\"color: #00ff00;\">21 au 23 juillet<\/span> 2026.<\/li><\/ul>\t\t\t\t\t\t\t\t<\/div>\n\t\t\t\t<\/div>\n\t\t\t\t<div class=\"elementor-element elementor-element-4aecb5a elementor-widget elementor-widget-heading\" data-id=\"4aecb5a\" data-element_type=\"widget\" data-widget_type=\"heading.default\">\n\t\t\t\t<div class=\"elementor-widget-container\">\n\t\t\t\t\t<h4 class=\"elementor-heading-title elementor-size-default\"> \u00c9v\u00e9nements pass\u00e9s<\/h4>\t\t\t\t<\/div>\n\t\t\t\t<\/div>\n\t\t\t\t<div class=\"elementor-element elementor-element-088928b elementor-widget__width-initial elementor-widget-mobile__width-inherit elementor-widget elementor-widget-text-editor\" data-id=\"088928b\" data-element_type=\"widget\" data-widget_type=\"text-editor.default\">\n\t\t\t\t<div class=\"elementor-widget-container\">\n\t\t\t\t\t\t\t\t\t<p><strong style=\"font-size: inherit;\"><span style=\"color: #91d4ff;\">2026<\/span><\/strong><\/p><ul><li><span style=\"text-decoration: underline;\"><span style=\"color: #ffffff; text-decoration: underline;\"><a style=\"color: #ffffff; text-decoration: underline;\" href=\"https:\/\/www.esrr.info\/\">l&rsquo;European Symposium of Radiopharmacy and Radiochemistry<\/a><\/span><\/span> \u00e0 Bergen, en Norv\u00e8ge, du 16 au 19 avril 2026.<\/li><li><span style=\"text-decoration: underline;\"><span style=\"color: #ffffff;\"><a style=\"color: #ffffff; text-decoration: underline;\" href=\"https:\/\/informaconnect.com\/bioeurope-spring\/\">BIO-Europe Spring<\/a><\/span><\/span>\u00a0congr\u00e8s scientifique annuel \u00e0 Lisbonne, au Portugal, du 23 au 25 mars 2026.<\/li><li><span style=\"text-decoration: underline;\"><span style=\"color: #ffffff; text-decoration: underline;\"><a style=\"color: #ffffff; text-decoration: underline;\" href=\"https:\/\/targeted-radiopharma-target-selection-drug-design.com\/\">TRP Target Selection &amp; Drug Design Summit 2026\u00a0<\/a><\/span><\/span><span style=\"font-size: inherit;\"><span style=\"font-size: inherit;\">sommet<\/span>\u00a0annuel \u00e0 Boston, du 24 au 26 f\u00e9vrier 2026.<\/span><\/li><\/ul>\t\t\t\t\t\t\t\t<\/div>\n\t\t\t\t<\/div>\n\t\t\t\t<div class=\"elementor-element elementor-element-f435ce5 elementor-widget__width-initial elementor-widget-mobile__width-inherit elementor-widget elementor-widget-text-editor\" data-id=\"f435ce5\" data-element_type=\"widget\" data-widget_type=\"text-editor.default\">\n\t\t\t\t<div class=\"elementor-widget-container\">\n\t\t\t\t\t\t\t\t\t<p><strong style=\"font-size: inherit;\"><span style=\"color: #91d4ff;\">2025<\/span><\/strong><\/p>\n<ul>\n<li>Conf\u00e9rence scientifique annuelle de <span style=\"text-decoration: underline; color: #ffffff;\"><a style=\"color: #ffffff; text-decoration: underline;\" href=\"https:\/\/cmie.ca\/conference\/\" target=\"_blank\" rel=\"noopener\" data-saferedirecturl=\"https:\/\/www.google.com\/url?q=https:\/\/cmie.ca\/conference\/&amp;source=gmail&amp;ust=1762870019472000&amp;usg=AOvVaw0uHEz682MBFH29-f7IlxGN\">Canadian Medical Isotope Ecosystem<\/a><\/span> \u00e0 Toronto du 11 au 12 d\u00e9cembre 2025. N\u2019h\u00e9sitez pas \u00e0 nous contacter pour nous rencontrer !<\/li>\n<li>Conf\u00e9rence scientifique annuelle de <span style=\"text-decoration: underline;\"><a style=\"color: #ffffff; text-decoration: underline;\" href=\"https:\/\/www.canm-conference.ca\/\" target=\"_blank\" rel=\"noopener\">l&rsquo;Association canadienne de m\u00e9decine nucl\u00e9aire (ACMN)<\/a><\/span> \u00e0 Halifax du 7 au 9 novembre 2025.<\/li>\n<li>Conf\u00e9rence scientifique annuelle de <a style=\"color: #ffffff;\" href=\"https:\/\/eanm25.eanm.org\/\" target=\"_blank\" rel=\"noopener\">European Association for Nuclear Medicine (EANM)<\/a> \u00e0 Barcelona du 4 au 8 octobre 2025.<\/li>\n<\/ul>\n\t\t\t\t\t\t\t\t<\/div>\n\t\t\t\t<\/div>\n\t\t\t\t\t<\/div>\n\t\t<\/div>\n\t\t\t\t\t<\/div>\n\t\t<\/section>\n\t\t\t\t<\/div>\n\t\t","protected":false},"excerpt":{"rendered":"<p>\u00c9v\u00e9nements Cadena Research est toujours en mouvement, \u00e0 la recherche de la meilleure fa\u00e7on de soutenir nos clients et de contribuer \u00e0 l&rsquo;industrie. Vous trouverez ci-dessous nos \u00e9v\u00e9nements pass\u00e9s et futurs. \u00c9v\u00e9nements \u00e0 venir Cadena Research participera prochainement \u00e0 ces conf\u00e9rences. N&rsquo;h\u00e9sitez pas \u00e0 venir nous rencontrer sur place ! Mai 2026 Canadian Radiotheranostics Leaders &#8230; <a title=\"\u00c9v\u00e9nements\" class=\"read-more\" href=\"https:\/\/cadenaresearch.com\/fr\/evenements\/\" aria-label=\"Read more about \u00c9v\u00e9nements\">Read more<\/a><\/p>\n","protected":false},"author":8,"featured_media":0,"parent":0,"menu_order":0,"comment_status":"closed","ping_status":"closed","template":"elementor_header_footer","meta":{"footnotes":""},"class_list":["post-5806","page","type-page","status-publish"],"aioseo_notices":[],"_links":{"self":[{"href":"https:\/\/cadenaresearch.com\/fr\/wp-json\/wp\/v2\/pages\/5806","targetHints":{"allow":["GET"]}}],"collection":[{"href":"https:\/\/cadenaresearch.com\/fr\/wp-json\/wp\/v2\/pages"}],"about":[{"href":"https:\/\/cadenaresearch.com\/fr\/wp-json\/wp\/v2\/types\/page"}],"author":[{"embeddable":true,"href":"https:\/\/cadenaresearch.com\/fr\/wp-json\/wp\/v2\/users\/8"}],"replies":[{"embeddable":true,"href":"https:\/\/cadenaresearch.com\/fr\/wp-json\/wp\/v2\/comments?post=5806"}],"version-history":[{"count":17,"href":"https:\/\/cadenaresearch.com\/fr\/wp-json\/wp\/v2\/pages\/5806\/revisions"}],"predecessor-version":[{"id":6142,"href":"https:\/\/cadenaresearch.com\/fr\/wp-json\/wp\/v2\/pages\/5806\/revisions\/6142"}],"wp:attachment":[{"href":"https:\/\/cadenaresearch.com\/fr\/wp-json\/wp\/v2\/media?parent=5806"}],"curies":[{"name":"wp","href":"https:\/\/api.w.org\/{rel}","templated":true}]}}