{"id":5799,"date":"2023-02-11T17:53:35","date_gmt":"2023-02-11T22:53:35","guid":{"rendered":"https:\/\/cadenaresearch.com\/nouvelles\/"},"modified":"2025-09-29T16:12:30","modified_gmt":"2025-09-29T20:12:30","slug":"actualites","status":"publish","type":"page","link":"https:\/\/cadenaresearch.com\/fr\/actualites\/","title":{"rendered":"Actualit\u00e9s"},"content":{"rendered":"\t\t<div data-elementor-type=\"wp-page\" data-elementor-id=\"5799\" class=\"elementor elementor-5799 elementor-709\" data-elementor-post-type=\"page\">\n\t\t\t\t\t\t<section class=\"elementor-section elementor-top-section elementor-element elementor-element-56f2b78 elementor-section-boxed elementor-section-height-default elementor-section-height-default\" data-id=\"56f2b78\" data-element_type=\"section\">\n\t\t\t\t\t\t<div class=\"elementor-container elementor-column-gap-default\">\n\t\t\t\t\t<div class=\"elementor-column elementor-col-100 elementor-top-column elementor-element elementor-element-fecc0a7\" data-id=\"fecc0a7\" data-element_type=\"column\">\n\t\t\t<div class=\"elementor-widget-wrap elementor-element-populated\">\n\t\t\t\t\t\t<div class=\"elementor-element elementor-element-08ee094 elementor-widget elementor-widget-heading\" data-id=\"08ee094\" data-element_type=\"widget\" data-widget_type=\"heading.default\">\n\t\t\t\t<div class=\"elementor-widget-container\">\n\t\t\t\t\t<h2 class=\"elementor-heading-title elementor-size-default\">Actualit\u00e9s<\/h2>\t\t\t\t<\/div>\n\t\t\t\t<\/div>\n\t\t\t\t<div class=\"elementor-element elementor-element-d3e63a4 elementor-widget elementor-widget-text-editor\" data-id=\"d3e63a4\" data-element_type=\"widget\" data-widget_type=\"text-editor.default\">\n\t\t\t\t<div class=\"elementor-widget-container\">\n\t\t\t\t\t\t\t\t\t<p>Restez au courant des derniers d\u00e9veloppements chez<strong> Cadena Research<\/strong>. Lisez nos communiqu\u00e9s de presse et nos mises \u00e0 jour ci-dessous. <\/p>\n\t\t\t\t\t\t\t\t<\/div>\n\t\t\t\t<\/div>\n\t\t\t\t<div class=\"elementor-element elementor-element-973b22b elementor-widget elementor-widget-text-editor\" data-id=\"973b22b\" data-element_type=\"widget\" data-widget_type=\"text-editor.default\">\n\t\t\t\t<div class=\"elementor-widget-container\">\n\t\t\t\t\t\t\t\t\t<ul>\n<li><a style=\"font-size: inherit;\" href=\"https:\/\/cadenaresearch.com\/fr\/cpdc-lance-cadena-research-une-orc-preclinique-specialisee-dans-les-produits-radiopharmaceutiques\/\">29 septembre 2025 : CPDC lance Cadena Research, une ORC pr\u00e9clinique sp\u00e9cialis\u00e9e dans les produits radiopharmaceutiques<\/a><\/li>\n<li><a href=\"https:\/\/cadenaresearch.com\/fr\/cpdc-annonce-la-creation-dune-orc-dans-le-domaine-radiopharmaceutique\/\">13 juin 2025 : CPDC annonce la cr\u00e9ation d&rsquo;une ORC dans le domaine radiopharmaceutique<\/a><\/li>\n<\/ul>\n\t\t\t\t\t\t\t\t<\/div>\n\t\t\t\t<\/div>\n\t\t\t\t\t<\/div>\n\t\t<\/div>\n\t\t\t\t\t<\/div>\n\t\t<\/section>\n\t\t\t\t<section class=\"elementor-section elementor-top-section elementor-element elementor-element-028b66c elementor-section-boxed elementor-section-height-default elementor-section-height-default\" data-id=\"028b66c\" data-element_type=\"section\">\n\t\t\t\t\t\t<div class=\"elementor-container elementor-column-gap-default\">\n\t\t\t\t\t<div class=\"elementor-column elementor-col-100 elementor-top-column elementor-element elementor-element-4e39737\" data-id=\"4e39737\" data-element_type=\"column\">\n\t\t\t<div class=\"elementor-widget-wrap elementor-element-populated\">\n\t\t\t\t\t\t<div class=\"elementor-element elementor-element-ddddf6c elementor-widget elementor-widget-spacer\" data-id=\"ddddf6c\" data-element_type=\"widget\" data-widget_type=\"spacer.default\">\n\t\t\t\t<div class=\"elementor-widget-container\">\n\t\t\t\t\t\t\t<div class=\"elementor-spacer\">\n\t\t\t<div class=\"elementor-spacer-inner\"><\/div>\n\t\t<\/div>\n\t\t\t\t\t\t<\/div>\n\t\t\t\t<\/div>\n\t\t\t\t\t<\/div>\n\t\t<\/div>\n\t\t\t\t\t<\/div>\n\t\t<\/section>\n\t\t\t\t<\/div>\n\t\t","protected":false},"excerpt":{"rendered":"<p>Actualit\u00e9s Restez au courant des derniers d\u00e9veloppements chez Cadena Research. Lisez nos communiqu\u00e9s de presse et nos mises \u00e0 jour ci-dessous. 29 septembre 2025 : CPDC lance Cadena Research, une ORC pr\u00e9clinique sp\u00e9cialis\u00e9e dans les produits radiopharmaceutiques 13 juin 2025 : CPDC annonce la cr\u00e9ation d&rsquo;une ORC dans le domaine radiopharmaceutique<\/p>\n","protected":false},"author":2,"featured_media":0,"parent":0,"menu_order":0,"comment_status":"closed","ping_status":"closed","template":"elementor_header_footer","meta":{"footnotes":""},"class_list":["post-5799","page","type-page","status-publish"],"aioseo_notices":[],"_links":{"self":[{"href":"https:\/\/cadenaresearch.com\/fr\/wp-json\/wp\/v2\/pages\/5799","targetHints":{"allow":["GET"]}}],"collection":[{"href":"https:\/\/cadenaresearch.com\/fr\/wp-json\/wp\/v2\/pages"}],"about":[{"href":"https:\/\/cadenaresearch.com\/fr\/wp-json\/wp\/v2\/types\/page"}],"author":[{"embeddable":true,"href":"https:\/\/cadenaresearch.com\/fr\/wp-json\/wp\/v2\/users\/2"}],"replies":[{"embeddable":true,"href":"https:\/\/cadenaresearch.com\/fr\/wp-json\/wp\/v2\/comments?post=5799"}],"version-history":[{"count":13,"href":"https:\/\/cadenaresearch.com\/fr\/wp-json\/wp\/v2\/pages\/5799\/revisions"}],"predecessor-version":[{"id":5958,"href":"https:\/\/cadenaresearch.com\/fr\/wp-json\/wp\/v2\/pages\/5799\/revisions\/5958"}],"wp:attachment":[{"href":"https:\/\/cadenaresearch.com\/fr\/wp-json\/wp\/v2\/media?parent=5799"}],"curies":[{"name":"wp","href":"https:\/\/api.w.org\/{rel}","templated":true}]}}