{"id":5776,"date":"2023-02-06T14:19:00","date_gmt":"2023-02-06T19:19:00","guid":{"rendered":"https:\/\/cadenaresearch.com\/radiochimie\/"},"modified":"2026-01-20T09:35:31","modified_gmt":"2026-01-20T14:35:31","slug":"radiochimie","status":"publish","type":"page","link":"https:\/\/cadenaresearch.com\/fr\/radiochimie\/","title":{"rendered":"Radiochimie"},"content":{"rendered":"\t\t<div data-elementor-type=\"wp-page\" data-elementor-id=\"5776\" class=\"elementor elementor-5776 elementor-311\" data-elementor-post-type=\"page\">\n\t\t\t\t\t\t<section class=\"elementor-section elementor-top-section elementor-element elementor-element-c5ddbc4 elementor-section-boxed elementor-section-height-default elementor-section-height-default\" data-id=\"c5ddbc4\" data-element_type=\"section\">\n\t\t\t\t\t\t<div class=\"elementor-container elementor-column-gap-default\">\n\t\t\t\t\t<div class=\"elementor-column elementor-col-100 elementor-top-column elementor-element elementor-element-3a840b8\" data-id=\"3a840b8\" data-element_type=\"column\">\n\t\t\t<div class=\"elementor-widget-wrap elementor-element-populated\">\n\t\t\t\t\t\t<div class=\"elementor-element elementor-element-05e973f elementor-widget elementor-widget-heading\" data-id=\"05e973f\" data-element_type=\"widget\" data-widget_type=\"heading.default\">\n\t\t\t\t<div class=\"elementor-widget-container\">\n\t\t\t\t\t<h2 class=\"elementor-heading-title elementor-size-default\">Radiochimie<\/h2>\t\t\t\t<\/div>\n\t\t\t\t<\/div>\n\t\t\t\t<div class=\"elementor-element elementor-element-2d04d25 elementor-invisible elementor-widget elementor-widget-text-editor\" data-id=\"2d04d25\" data-element_type=\"widget\" data-settings=\"{&quot;_animation&quot;:&quot;fadeInUp&quot;}\" data-widget_type=\"text-editor.default\">\n\t\t\t\t<div class=\"elementor-widget-container\">\n\t\t\t\t\t\t\t\t\t<p><span style=\"color: #007dfe;\">De<strong> l&rsquo;atome \u00e0 l&rsquo;action<\/strong><\/span><\/p>\n\t\t\t\t\t\t\t\t<\/div>\n\t\t\t\t<\/div>\n\t\t\t\t<div class=\"elementor-element elementor-element-c278edf elementor-widget elementor-widget-text-editor\" data-id=\"c278edf\" data-element_type=\"widget\" data-widget_type=\"text-editor.default\">\n\t\t\t\t<div class=\"elementor-widget-container\">\n\t\t\t\t\t\t\t\t\t<p>Cadena Research dispose de solides capacit\u00e9s dans le domaine de la radiochimie. Nos cellules chaudes et cyclotrons de pointe permettent des strat\u00e9gies flexibles pour la production de vos produits radiopharmaceutiques. <\/p>\n<p>Des syst\u00e8mes automatis\u00e9s rationalisent la synth\u00e8se personnalis\u00e9e, le radiomarquage, la purification, le contr\u00f4le de qualit\u00e9 et\/ou la caract\u00e9risation de divers compos\u00e9s radiomarqu\u00e9s.<\/p>\n<p>De la s\u00e9lection des isotopes et des strat\u00e9gies de conjugaison au soutien analytique, nous pouvons travailler avec des petites mol\u00e9cules, des peptides, des conjugu\u00e9s anticorps-m\u00e9dicaments, des prot\u00e9ines, des anticorps et d&rsquo;autres compos\u00e9s.<\/p>\n<p>Combin\u00e9es aux tests de stabilit\u00e9 et de dur\u00e9e de vie, \u00e0 l&rsquo;immunor\u00e9activit\u00e9 et \u00e0 la d\u00e9termination de l&rsquo;internalisation in vitro, nos capacit\u00e9s en radiochimie vous offrent un soutien complet pour votre programme de d\u00e9veloppement radiopharmaceutique.<\/p>\n\t\t\t\t\t\t\t\t<\/div>\n\t\t\t\t<\/div>\n\t\t\t\t\t<\/div>\n\t\t<\/div>\n\t\t\t\t\t<\/div>\n\t\t<\/section>\n\t\t\t\t<section class=\"elementor-section elementor-top-section elementor-element elementor-element-2b3343b elementor-hidden-mobile elementor-section-boxed elementor-section-height-default elementor-section-height-default\" data-id=\"2b3343b\" data-element_type=\"section\">\n\t\t\t\t\t\t<div class=\"elementor-container elementor-column-gap-wider\">\n\t\t\t\t\t<div class=\"elementor-column elementor-col-33 elementor-top-column elementor-element elementor-element-d518f1c\" data-id=\"d518f1c\" data-element_type=\"column\">\n\t\t\t<div class=\"elementor-widget-wrap elementor-element-populated\">\n\t\t\t\t\t\t<div class=\"elementor-element elementor-element-3387643 elementor-widget elementor-widget-image\" data-id=\"3387643\" data-element_type=\"widget\" data-widget_type=\"image.default\">\n\t\t\t\t<div class=\"elementor-widget-container\">\n\t\t\t\t\t\t\t\t\t\t\t\t\t\t\t<img fetchpriority=\"high\" decoding=\"async\" width=\"427\" height=\"427\" src=\"https:\/\/cadenaresearch.com\/wp-content\/uploads\/2025\/09\/iStock-1483361708.jpg\" class=\"attachment-large size-large wp-image-5562\" alt=\"\" srcset=\"https:\/\/cadenaresearch.com\/wp-content\/uploads\/2025\/09\/iStock-1483361708.jpg 427w, https:\/\/cadenaresearch.com\/wp-content\/uploads\/2025\/09\/iStock-1483361708-300x300.jpg 300w, https:\/\/cadenaresearch.com\/wp-content\/uploads\/2025\/09\/iStock-1483361708-150x150.jpg 150w\" sizes=\"(max-width: 427px) 100vw, 427px\" \/>\t\t\t\t\t\t\t\t\t\t\t\t\t\t\t<\/div>\n\t\t\t\t<\/div>\n\t\t\t\t\t<\/div>\n\t\t<\/div>\n\t\t\t\t<div class=\"elementor-column elementor-col-33 elementor-top-column elementor-element elementor-element-8742e23\" data-id=\"8742e23\" data-element_type=\"column\">\n\t\t\t<div class=\"elementor-widget-wrap elementor-element-populated\">\n\t\t\t\t\t\t<div class=\"elementor-element elementor-element-6157db9 elementor-widget elementor-widget-image\" data-id=\"6157db9\" data-element_type=\"widget\" data-widget_type=\"image.default\">\n\t\t\t\t<div class=\"elementor-widget-container\">\n\t\t\t\t\t\t\t\t\t\t\t\t\t\t\t<img decoding=\"async\" width=\"427\" height=\"427\" src=\"https:\/\/cadenaresearch.com\/wp-content\/uploads\/2025\/09\/iStock-1397698591.jpg\" class=\"attachment-large size-large wp-image-5564\" alt=\"\" srcset=\"https:\/\/cadenaresearch.com\/wp-content\/uploads\/2025\/09\/iStock-1397698591.jpg 427w, https:\/\/cadenaresearch.com\/wp-content\/uploads\/2025\/09\/iStock-1397698591-300x300.jpg 300w, https:\/\/cadenaresearch.com\/wp-content\/uploads\/2025\/09\/iStock-1397698591-150x150.jpg 150w\" sizes=\"(max-width: 427px) 100vw, 427px\" \/>\t\t\t\t\t\t\t\t\t\t\t\t\t\t\t<\/div>\n\t\t\t\t<\/div>\n\t\t\t\t\t<\/div>\n\t\t<\/div>\n\t\t\t\t<div class=\"elementor-column elementor-col-33 elementor-top-column elementor-element elementor-element-ce4abe5\" data-id=\"ce4abe5\" data-element_type=\"column\">\n\t\t\t<div class=\"elementor-widget-wrap elementor-element-populated\">\n\t\t\t\t\t\t<div class=\"elementor-element elementor-element-fb7a20a elementor-widget elementor-widget-image\" data-id=\"fb7a20a\" data-element_type=\"widget\" data-widget_type=\"image.default\">\n\t\t\t\t<div class=\"elementor-widget-container\">\n\t\t\t\t\t\t\t\t\t\t\t\t\t\t\t<img decoding=\"async\" width=\"426\" height=\"426\" src=\"https:\/\/cadenaresearch.com\/wp-content\/uploads\/2025\/09\/iStock-949196114.jpg\" class=\"attachment-large size-large wp-image-5563\" alt=\"\" srcset=\"https:\/\/cadenaresearch.com\/wp-content\/uploads\/2025\/09\/iStock-949196114.jpg 426w, https:\/\/cadenaresearch.com\/wp-content\/uploads\/2025\/09\/iStock-949196114-300x300.jpg 300w, https:\/\/cadenaresearch.com\/wp-content\/uploads\/2025\/09\/iStock-949196114-150x150.jpg 150w\" sizes=\"(max-width: 426px) 100vw, 426px\" \/>\t\t\t\t\t\t\t\t\t\t\t\t\t\t\t<\/div>\n\t\t\t\t<\/div>\n\t\t\t\t\t<\/div>\n\t\t<\/div>\n\t\t\t\t\t<\/div>\n\t\t<\/section>\n\t\t\t\t<section class=\"elementor-section elementor-top-section elementor-element elementor-element-f98cae8 elementor-hidden-desktop elementor-hidden-tablet elementor-section-boxed elementor-section-height-default elementor-section-height-default\" data-id=\"f98cae8\" data-element_type=\"section\">\n\t\t\t\t\t\t<div class=\"elementor-container elementor-column-gap-no\">\n\t\t\t\t\t<div class=\"elementor-column elementor-col-100 elementor-top-column elementor-element elementor-element-c6efadd\" data-id=\"c6efadd\" data-element_type=\"column\">\n\t\t\t<div class=\"elementor-widget-wrap elementor-element-populated\">\n\t\t\t\t\t\t<div class=\"elementor-element elementor-element-c70175f elementor-widget__width-auto elementor-widget-mobile__width-initial elementor-widget elementor-widget-image\" data-id=\"c70175f\" data-element_type=\"widget\" data-widget_type=\"image.default\">\n\t\t\t\t<div class=\"elementor-widget-container\">\n\t\t\t\t\t\t\t\t\t\t\t\t\t\t\t<img loading=\"lazy\" decoding=\"async\" width=\"150\" height=\"150\" src=\"https:\/\/cadenaresearch.com\/wp-content\/uploads\/2025\/09\/iStock-1483361708-150x150.jpg\" class=\"attachment-thumbnail size-thumbnail wp-image-5562\" alt=\"\" srcset=\"https:\/\/cadenaresearch.com\/wp-content\/uploads\/2025\/09\/iStock-1483361708-150x150.jpg 150w, https:\/\/cadenaresearch.com\/wp-content\/uploads\/2025\/09\/iStock-1483361708-300x300.jpg 300w, https:\/\/cadenaresearch.com\/wp-content\/uploads\/2025\/09\/iStock-1483361708.jpg 427w\" sizes=\"(max-width: 150px) 100vw, 150px\" \/>\t\t\t\t\t\t\t\t\t\t\t\t\t\t\t<\/div>\n\t\t\t\t<\/div>\n\t\t\t\t<div class=\"elementor-element elementor-element-2643704 elementor-widget__width-auto elementor-widget-mobile__width-initial elementor-widget elementor-widget-image\" data-id=\"2643704\" data-element_type=\"widget\" data-widget_type=\"image.default\">\n\t\t\t\t<div class=\"elementor-widget-container\">\n\t\t\t\t\t\t\t\t\t\t\t\t\t\t\t<img loading=\"lazy\" decoding=\"async\" width=\"150\" height=\"150\" src=\"https:\/\/cadenaresearch.com\/wp-content\/uploads\/2025\/09\/iStock-1397698591-150x150.jpg\" class=\"attachment-thumbnail size-thumbnail wp-image-5564\" alt=\"\" srcset=\"https:\/\/cadenaresearch.com\/wp-content\/uploads\/2025\/09\/iStock-1397698591-150x150.jpg 150w, https:\/\/cadenaresearch.com\/wp-content\/uploads\/2025\/09\/iStock-1397698591-300x300.jpg 300w, https:\/\/cadenaresearch.com\/wp-content\/uploads\/2025\/09\/iStock-1397698591.jpg 427w\" sizes=\"(max-width: 150px) 100vw, 150px\" \/>\t\t\t\t\t\t\t\t\t\t\t\t\t\t\t<\/div>\n\t\t\t\t<\/div>\n\t\t\t\t<div class=\"elementor-element elementor-element-485a5f5 elementor-widget__width-auto elementor-widget-mobile__width-initial elementor-widget elementor-widget-image\" data-id=\"485a5f5\" data-element_type=\"widget\" data-widget_type=\"image.default\">\n\t\t\t\t<div class=\"elementor-widget-container\">\n\t\t\t\t\t\t\t\t\t\t\t\t\t\t\t<img loading=\"lazy\" decoding=\"async\" width=\"150\" height=\"150\" src=\"https:\/\/cadenaresearch.com\/wp-content\/uploads\/2025\/09\/iStock-949196114-150x150.jpg\" class=\"attachment-thumbnail size-thumbnail wp-image-5563\" alt=\"\" srcset=\"https:\/\/cadenaresearch.com\/wp-content\/uploads\/2025\/09\/iStock-949196114-150x150.jpg 150w, https:\/\/cadenaresearch.com\/wp-content\/uploads\/2025\/09\/iStock-949196114-300x300.jpg 300w, https:\/\/cadenaresearch.com\/wp-content\/uploads\/2025\/09\/iStock-949196114.jpg 426w\" sizes=\"(max-width: 150px) 100vw, 150px\" \/>\t\t\t\t\t\t\t\t\t\t\t\t\t\t\t<\/div>\n\t\t\t\t<\/div>\n\t\t\t\t\t<\/div>\n\t\t<\/div>\n\t\t\t\t\t<\/div>\n\t\t<\/section>\n\t\t\t\t<section class=\"elementor-section elementor-top-section elementor-element elementor-element-ad91847 elementor-section-boxed elementor-section-height-default elementor-section-height-default elementor-invisible\" data-id=\"ad91847\" data-element_type=\"section\" data-settings=\"{&quot;background_background&quot;:&quot;classic&quot;,&quot;animation&quot;:&quot;fadeInUp&quot;}\">\n\t\t\t\t\t\t<div class=\"elementor-container elementor-column-gap-default\">\n\t\t\t\t\t<div class=\"elementor-column elementor-col-100 elementor-top-column elementor-element elementor-element-3b57582\" data-id=\"3b57582\" data-element_type=\"column\">\n\t\t\t<div class=\"elementor-widget-wrap elementor-element-populated\">\n\t\t\t\t\t\t<div class=\"elementor-element elementor-element-d4c4b0d elementor-widget elementor-widget-text-editor\" data-id=\"d4c4b0d\" data-element_type=\"widget\" data-widget_type=\"text-editor.default\">\n\t\t\t\t<div class=\"elementor-widget-container\">\n\t\t\t\t\t\t\t\t\t<p><span style=\"color: #ffffff;\">Nos laboratoires sont autoris\u00e9s \u00e0 travailler avec une large gamme d&rsquo;isotopes, notamment:<\/span><\/p>\n\t\t\t\t\t\t\t\t<\/div>\n\t\t\t\t<\/div>\n\t\t\t\t<section class=\"elementor-section elementor-inner-section elementor-element elementor-element-07c2b52 elementor-section-boxed elementor-section-height-default elementor-section-height-default\" data-id=\"07c2b52\" data-element_type=\"section\">\n\t\t\t\t\t\t<div class=\"elementor-container elementor-column-gap-default\">\n\t\t\t\t\t<div class=\"elementor-column elementor-col-25 elementor-inner-column elementor-element elementor-element-1c77fdd\" data-id=\"1c77fdd\" data-element_type=\"column\">\n\t\t\t<div class=\"elementor-widget-wrap elementor-element-populated\">\n\t\t\t\t\t\t<div class=\"elementor-element elementor-element-d99821e elementor-align-left elementor-icon-list--layout-traditional elementor-list-item-link-full_width elementor-widget elementor-widget-icon-list\" data-id=\"d99821e\" data-element_type=\"widget\" data-widget_type=\"icon-list.default\">\n\t\t\t\t<div class=\"elementor-widget-container\">\n\t\t\t\t\t\t\t<ul class=\"elementor-icon-list-items\">\n\t\t\t\t\t\t\t<li class=\"elementor-icon-list-item\">\n\t\t\t\t\t\t\t\t\t\t\t<span class=\"elementor-icon-list-icon\">\n\t\t\t\t\t\t\t<i aria-hidden=\"true\" class=\"fas fa-atom\"><\/i>\t\t\t\t\t\t<\/span>\n\t\t\t\t\t\t\t\t\t\t<span class=\"elementor-icon-list-text\"><sup>11<\/sup>C (Carbone-11)<\/span>\n\t\t\t\t\t\t\t\t\t<\/li>\n\t\t\t\t\t\t\t\t<li class=\"elementor-icon-list-item\">\n\t\t\t\t\t\t\t\t\t\t\t<span class=\"elementor-icon-list-icon\">\n\t\t\t\t\t\t\t<i aria-hidden=\"true\" class=\"fas fa-atom\"><\/i>\t\t\t\t\t\t<\/span>\n\t\t\t\t\t\t\t\t\t\t<span class=\"elementor-icon-list-text\"><sup>13<\/sup>N (Azote-13)<\/span>\n\t\t\t\t\t\t\t\t\t<\/li>\n\t\t\t\t\t\t\t\t<li class=\"elementor-icon-list-item\">\n\t\t\t\t\t\t\t\t\t\t\t<span class=\"elementor-icon-list-icon\">\n\t\t\t\t\t\t\t<i aria-hidden=\"true\" class=\"fas fa-atom\"><\/i>\t\t\t\t\t\t<\/span>\n\t\t\t\t\t\t\t\t\t\t<span class=\"elementor-icon-list-text\"><sup>15<\/sup>O (Oxyg\u00e8ne-15)<\/span>\n\t\t\t\t\t\t\t\t\t<\/li>\n\t\t\t\t\t\t\t\t<li class=\"elementor-icon-list-item\">\n\t\t\t\t\t\t\t\t\t\t\t<span class=\"elementor-icon-list-icon\">\n\t\t\t\t\t\t\t<i aria-hidden=\"true\" class=\"fas fa-atom\"><\/i>\t\t\t\t\t\t<\/span>\n\t\t\t\t\t\t\t\t\t\t<span class=\"elementor-icon-list-text\"><sup>18<\/sup>F (Fluor-18)<\/span>\n\t\t\t\t\t\t\t\t\t<\/li>\n\t\t\t\t\t\t<\/ul>\n\t\t\t\t\t\t<\/div>\n\t\t\t\t<\/div>\n\t\t\t\t\t<\/div>\n\t\t<\/div>\n\t\t\t\t<div class=\"elementor-column elementor-col-25 elementor-inner-column elementor-element elementor-element-efbb213\" data-id=\"efbb213\" data-element_type=\"column\">\n\t\t\t<div class=\"elementor-widget-wrap elementor-element-populated\">\n\t\t\t\t\t\t<div class=\"elementor-element elementor-element-f2ca25d elementor-align-left elementor-icon-list--layout-traditional elementor-list-item-link-full_width elementor-widget elementor-widget-icon-list\" data-id=\"f2ca25d\" data-element_type=\"widget\" data-widget_type=\"icon-list.default\">\n\t\t\t\t<div class=\"elementor-widget-container\">\n\t\t\t\t\t\t\t<ul class=\"elementor-icon-list-items\">\n\t\t\t\t\t\t\t<li class=\"elementor-icon-list-item\">\n\t\t\t\t\t\t\t\t\t\t\t<span class=\"elementor-icon-list-icon\">\n\t\t\t\t\t\t\t<i aria-hidden=\"true\" class=\"fas fa-atom\"><\/i>\t\t\t\t\t\t<\/span>\n\t\t\t\t\t\t\t\t\t\t<span class=\"elementor-icon-list-text\"><sup>64<\/sup>Cu (Cuivre-64)<\/span>\n\t\t\t\t\t\t\t\t\t<\/li>\n\t\t\t\t\t\t\t\t<li class=\"elementor-icon-list-item\">\n\t\t\t\t\t\t\t\t\t\t\t<span class=\"elementor-icon-list-icon\">\n\t\t\t\t\t\t\t<i aria-hidden=\"true\" class=\"fas fa-atom\"><\/i>\t\t\t\t\t\t<\/span>\n\t\t\t\t\t\t\t\t\t\t<span class=\"elementor-icon-list-text\"><sup>68<\/sup>Ga (Gallium-68)<\/span>\n\t\t\t\t\t\t\t\t\t<\/li>\n\t\t\t\t\t\t\t\t<li class=\"elementor-icon-list-item\">\n\t\t\t\t\t\t\t\t\t\t\t<span class=\"elementor-icon-list-icon\">\n\t\t\t\t\t\t\t<i aria-hidden=\"true\" class=\"fas fa-atom\"><\/i>\t\t\t\t\t\t<\/span>\n\t\t\t\t\t\t\t\t\t\t<span class=\"elementor-icon-list-text\"><sup>89<\/sup>Zr (Zirconium-89)<\/span>\n\t\t\t\t\t\t\t\t\t<\/li>\n\t\t\t\t\t\t\t\t<li class=\"elementor-icon-list-item\">\n\t\t\t\t\t\t\t\t\t\t\t<span class=\"elementor-icon-list-icon\">\n\t\t\t\t\t\t\t<i aria-hidden=\"true\" class=\"fas fa-atom\"><\/i>\t\t\t\t\t\t<\/span>\n\t\t\t\t\t\t\t\t\t\t<span class=\"elementor-icon-list-text\"><sup>99m<\/sup>Tc (Techn\u00e9tium-99m)<\/span>\n\t\t\t\t\t\t\t\t\t<\/li>\n\t\t\t\t\t\t<\/ul>\n\t\t\t\t\t\t<\/div>\n\t\t\t\t<\/div>\n\t\t\t\t\t<\/div>\n\t\t<\/div>\n\t\t\t\t<div class=\"elementor-column elementor-col-25 elementor-inner-column elementor-element elementor-element-ae455f5\" data-id=\"ae455f5\" data-element_type=\"column\">\n\t\t\t<div class=\"elementor-widget-wrap elementor-element-populated\">\n\t\t\t\t\t\t<div class=\"elementor-element elementor-element-e41e005 elementor-align-left elementor-icon-list--layout-traditional elementor-list-item-link-full_width elementor-widget elementor-widget-icon-list\" data-id=\"e41e005\" data-element_type=\"widget\" data-widget_type=\"icon-list.default\">\n\t\t\t\t<div class=\"elementor-widget-container\">\n\t\t\t\t\t\t\t<ul class=\"elementor-icon-list-items\">\n\t\t\t\t\t\t\t<li class=\"elementor-icon-list-item\">\n\t\t\t\t\t\t\t\t\t\t\t<span class=\"elementor-icon-list-icon\">\n\t\t\t\t\t\t\t<i aria-hidden=\"true\" class=\"fas fa-atom\"><\/i>\t\t\t\t\t\t<\/span>\n\t\t\t\t\t\t\t\t\t\t<span class=\"elementor-icon-list-text\"><sup>125<\/sup>I (Iode-125)<\/span>\n\t\t\t\t\t\t\t\t\t<\/li>\n\t\t\t\t\t\t\t\t<li class=\"elementor-icon-list-item\">\n\t\t\t\t\t\t\t\t\t\t\t<span class=\"elementor-icon-list-icon\">\n\t\t\t\t\t\t\t<i aria-hidden=\"true\" class=\"fas fa-atom\"><\/i>\t\t\t\t\t\t<\/span>\n\t\t\t\t\t\t\t\t\t\t<span class=\"elementor-icon-list-text\"><sup>161<\/sup>Tb (Terbium-161)<\/span>\n\t\t\t\t\t\t\t\t\t<\/li>\n\t\t\t\t\t\t\t\t<li class=\"elementor-icon-list-item\">\n\t\t\t\t\t\t\t\t\t\t\t<span class=\"elementor-icon-list-icon\">\n\t\t\t\t\t\t\t<i aria-hidden=\"true\" class=\"fas fa-atom\"><\/i>\t\t\t\t\t\t<\/span>\n\t\t\t\t\t\t\t\t\t\t<span class=\"elementor-icon-list-text\"><sup>166<\/sup>Ho (Holmium-166)<\/span>\n\t\t\t\t\t\t\t\t\t<\/li>\n\t\t\t\t\t\t\t\t<li class=\"elementor-icon-list-item\">\n\t\t\t\t\t\t\t\t\t\t\t<span class=\"elementor-icon-list-icon\">\n\t\t\t\t\t\t\t<i aria-hidden=\"true\" class=\"fas fa-atom\"><\/i>\t\t\t\t\t\t<\/span>\n\t\t\t\t\t\t\t\t\t\t<span class=\"elementor-icon-list-text\"><sup>177<\/sup>Lu (Lut\u00e9tium-177)<\/span>\n\t\t\t\t\t\t\t\t\t<\/li>\n\t\t\t\t\t\t<\/ul>\n\t\t\t\t\t\t<\/div>\n\t\t\t\t<\/div>\n\t\t\t\t\t<\/div>\n\t\t<\/div>\n\t\t\t\t<div class=\"elementor-column elementor-col-25 elementor-inner-column elementor-element elementor-element-e688f39\" data-id=\"e688f39\" data-element_type=\"column\">\n\t\t\t<div class=\"elementor-widget-wrap elementor-element-populated\">\n\t\t\t\t\t\t<div class=\"elementor-element elementor-element-4f21d8f elementor-align-left elementor-icon-list--layout-traditional elementor-list-item-link-full_width elementor-widget elementor-widget-icon-list\" data-id=\"4f21d8f\" data-element_type=\"widget\" data-widget_type=\"icon-list.default\">\n\t\t\t\t<div class=\"elementor-widget-container\">\n\t\t\t\t\t\t\t<ul class=\"elementor-icon-list-items\">\n\t\t\t\t\t\t\t<li class=\"elementor-icon-list-item\">\n\t\t\t\t\t\t\t\t\t\t\t<span class=\"elementor-icon-list-icon\">\n\t\t\t\t\t\t\t<i aria-hidden=\"true\" class=\"fas fa-atom\"><\/i>\t\t\t\t\t\t<\/span>\n\t\t\t\t\t\t\t\t\t\t<span class=\"elementor-icon-list-text\"><sup>212<\/sup>Pb (Plomb-212)<\/span>\n\t\t\t\t\t\t\t\t\t<\/li>\n\t\t\t\t\t\t\t\t<li class=\"elementor-icon-list-item\">\n\t\t\t\t\t\t\t\t\t\t\t<span class=\"elementor-icon-list-icon\">\n\t\t\t\t\t\t\t<i aria-hidden=\"true\" class=\"fas fa-atom\"><\/i>\t\t\t\t\t\t<\/span>\n\t\t\t\t\t\t\t\t\t\t<span class=\"elementor-icon-list-text\"><sup>225<\/sup>Ac (Actinium-225)<\/span>\n\t\t\t\t\t\t\t\t\t<\/li>\n\t\t\t\t\t\t\t\t<li class=\"elementor-icon-list-item\">\n\t\t\t\t\t\t\t\t\t\t\t<span class=\"elementor-icon-list-icon\">\n\t\t\t\t\t\t\t<i aria-hidden=\"true\" class=\"fas fa-atom\"><\/i>\t\t\t\t\t\t<\/span>\n\t\t\t\t\t\t\t\t\t\t<span class=\"elementor-icon-list-text\">Et plus encore...<\/span>\n\t\t\t\t\t\t\t\t\t<\/li>\n\t\t\t\t\t\t<\/ul>\n\t\t\t\t\t\t<\/div>\n\t\t\t\t<\/div>\n\t\t\t\t\t<\/div>\n\t\t<\/div>\n\t\t\t\t\t<\/div>\n\t\t<\/section>\n\t\t\t\t\t<\/div>\n\t\t<\/div>\n\t\t\t\t\t<\/div>\n\t\t<\/section>\n\t\t\t\t<\/div>\n\t\t","protected":false},"excerpt":{"rendered":"<p>Radiochimie De l&rsquo;atome \u00e0 l&rsquo;action Cadena Research dispose de solides capacit\u00e9s dans le domaine de la radiochimie. Nos cellules chaudes et cyclotrons de pointe permettent des strat\u00e9gies flexibles pour la production de vos produits radiopharmaceutiques. Des syst\u00e8mes automatis\u00e9s rationalisent la synth\u00e8se personnalis\u00e9e, le radiomarquage, la purification, le contr\u00f4le de qualit\u00e9 et\/ou la caract\u00e9risation de divers &#8230; <a title=\"Radiochimie\" class=\"read-more\" href=\"https:\/\/cadenaresearch.com\/fr\/radiochimie\/\" aria-label=\"Read more about Radiochimie\">Read more<\/a><\/p>\n","protected":false},"author":2,"featured_media":0,"parent":0,"menu_order":0,"comment_status":"closed","ping_status":"closed","template":"elementor_header_footer","meta":{"footnotes":""},"class_list":["post-5776","page","type-page","status-publish"],"aioseo_notices":[],"_links":{"self":[{"href":"https:\/\/cadenaresearch.com\/fr\/wp-json\/wp\/v2\/pages\/5776","targetHints":{"allow":["GET"]}}],"collection":[{"href":"https:\/\/cadenaresearch.com\/fr\/wp-json\/wp\/v2\/pages"}],"about":[{"href":"https:\/\/cadenaresearch.com\/fr\/wp-json\/wp\/v2\/types\/page"}],"author":[{"embeddable":true,"href":"https:\/\/cadenaresearch.com\/fr\/wp-json\/wp\/v2\/users\/2"}],"replies":[{"embeddable":true,"href":"https:\/\/cadenaresearch.com\/fr\/wp-json\/wp\/v2\/comments?post=5776"}],"version-history":[{"count":2,"href":"https:\/\/cadenaresearch.com\/fr\/wp-json\/wp\/v2\/pages\/5776\/revisions"}],"predecessor-version":[{"id":5996,"href":"https:\/\/cadenaresearch.com\/fr\/wp-json\/wp\/v2\/pages\/5776\/revisions\/5996"}],"wp:attachment":[{"href":"https:\/\/cadenaresearch.com\/fr\/wp-json\/wp\/v2\/media?parent=5776"}],"curies":[{"name":"wp","href":"https:\/\/api.w.org\/{rel}","templated":true}]}}