{"id":5739,"date":"2023-02-02T19:16:21","date_gmt":"2023-02-03T00:16:21","guid":{"rendered":"https:\/\/cadenaresearch.com\/a-propos-de-nous\/"},"modified":"2025-09-20T11:39:00","modified_gmt":"2025-09-20T15:39:00","slug":"a-propos-de-nous","status":"publish","type":"page","link":"https:\/\/cadenaresearch.com\/fr\/a-propos-de-nous\/","title":{"rendered":"\u00c0 propos de Cadena Research"},"content":{"rendered":"\t\t<div data-elementor-type=\"wp-page\" data-elementor-id=\"5739\" class=\"elementor elementor-5739 elementor-97\" data-elementor-post-type=\"page\">\n\t\t\t\t\t\t<section class=\"elementor-section elementor-top-section elementor-element elementor-element-275346a elementor-section-boxed elementor-section-height-default elementor-section-height-default\" data-id=\"275346a\" data-element_type=\"section\">\n\t\t\t\t\t\t<div class=\"elementor-container elementor-column-gap-default\">\n\t\t\t\t\t<div class=\"elementor-column elementor-col-100 elementor-top-column elementor-element elementor-element-189544e\" data-id=\"189544e\" data-element_type=\"column\">\n\t\t\t<div class=\"elementor-widget-wrap elementor-element-populated\">\n\t\t\t\t\t\t<div class=\"elementor-element elementor-element-eccb5fa elementor-widget elementor-widget-heading\" data-id=\"eccb5fa\" data-element_type=\"widget\" data-widget_type=\"heading.default\">\n\t\t\t\t<div class=\"elementor-widget-container\">\n\t\t\t\t\t<h2 class=\"elementor-heading-title elementor-size-default\">\u00c0 propos de Cadena Research<\/h2>\t\t\t\t<\/div>\n\t\t\t\t<\/div>\n\t\t\t\t<div class=\"elementor-element elementor-element-ccfe3c7 elementor-widget elementor-widget-text-editor\" data-id=\"ccfe3c7\" data-element_type=\"widget\" data-widget_type=\"text-editor.default\">\n\t\t\t\t<div class=\"elementor-widget-container\">\n\t\t\t\t\t\t\t\t\t<p><strong>Cadena Research<\/strong> est un ORC cr\u00e9\u00e9 par le <strong><a href=\"https:\/\/cpdc.ca\" target=\"_blank\" rel=\"noopener\">CPDC <\/a><\/strong>(Centre for Probe Development and Commercialization) afin d&rsquo;acc\u00e9l\u00e9rer le d\u00e9veloppement de produits radiopharmaceutiques. Nous offrons des services de laboratoire pour soutenir le d\u00e9veloppement pr\u00e9clinique de produits radiopharmaceutiques, et nos services de conseils vous aident \u00e0 naviguer le processus de d\u00e9veloppement et d&rsquo;approbation des m\u00e9dicaments. <\/p><p>Nous sommes sp\u00e9cialis\u00e9s dans les programmes qui n\u00e9cessitent une orientation strat\u00e9gique, une profondeur scientifique et une agilit\u00e9 op\u00e9rationnelle.<\/p><p>Nous fournissons des services personnalis\u00e9s de gestion de projet, un acc\u00e8s \u00e0 des r\u00e9seaux de partenaires sp\u00e9cialis\u00e9s et une expertise approfondie en radiochimie, en imagerie, en \u00e9tudes pr\u00e9cliniques et en strat\u00e9gie r\u00e9glementaire. Nous comptons parmi nos clients des entreprises en d\u00e9marrage, des centres universitaires innovateurs, des soci\u00e9t\u00e9s de biotechnologie et de grandes soci\u00e9t\u00e9s pharmaceutiques internationales \u00e0 la recherche d&rsquo;un partenaire de confiance pour naviguer dans les complexit\u00e9s du d\u00e9veloppement radiopharmaceutique. <\/p>\t\t\t\t\t\t\t\t<\/div>\n\t\t\t\t<\/div>\n\t\t\t\t\t<\/div>\n\t\t<\/div>\n\t\t\t\t\t<\/div>\n\t\t<\/section>\n\t\t\t\t<section class=\"elementor-section elementor-top-section elementor-element elementor-element-8bef5e8 elementor-section-boxed elementor-section-height-default elementor-section-height-default elementor-invisible\" data-id=\"8bef5e8\" data-element_type=\"section\" data-settings=\"{&quot;animation&quot;:&quot;slideInUp&quot;,&quot;background_background&quot;:&quot;classic&quot;}\">\n\t\t\t\t\t\t<div class=\"elementor-container elementor-column-gap-default\">\n\t\t\t\t\t<div class=\"elementor-column elementor-col-33 elementor-top-column elementor-element elementor-element-e236df5\" data-id=\"e236df5\" data-element_type=\"column\">\n\t\t\t<div class=\"elementor-widget-wrap elementor-element-populated\">\n\t\t\t\t\t\t<div class=\"elementor-element elementor-element-dd9ef96 elementor-widget elementor-widget-heading\" data-id=\"dd9ef96\" data-element_type=\"widget\" data-widget_type=\"heading.default\">\n\t\t\t\t<div class=\"elementor-widget-container\">\n\t\t\t\t\t<h2 class=\"elementor-heading-title elementor-size-default\">Notre mission<\/h2>\t\t\t\t<\/div>\n\t\t\t\t<\/div>\n\t\t\t\t\t<\/div>\n\t\t<\/div>\n\t\t\t\t<div class=\"elementor-column elementor-col-66 elementor-top-column elementor-element elementor-element-bda8250\" data-id=\"bda8250\" data-element_type=\"column\">\n\t\t\t<div class=\"elementor-widget-wrap elementor-element-populated\">\n\t\t\t\t\t\t<div class=\"elementor-element elementor-element-501fee6 elementor-widget elementor-widget-text-editor\" data-id=\"501fee6\" data-element_type=\"widget\" data-widget_type=\"text-editor.default\">\n\t\t\t\t<div class=\"elementor-widget-container\">\n\t\t\t\t\t\t\t\t\t<span style=\"color: #ffffff;\">Survolter les compagnies innovatrices dans le domaine de la science radiopharmaceutique en fournissant des solutions sur mesure qui acc\u00e9l\u00e8rent le d\u00e9veloppement vers les applications cliniques et, en fin de compte, vers la commercialisation du produit.<\/span>\t\t\t\t\t\t\t\t<\/div>\n\t\t\t\t<\/div>\n\t\t\t\t\t<\/div>\n\t\t<\/div>\n\t\t\t\t\t<\/div>\n\t\t<\/section>\n\t\t\t\t<\/div>\n\t\t","protected":false},"excerpt":{"rendered":"<p>\u00c0 propos de Cadena Research Cadena Research est un ORC cr\u00e9\u00e9 par le CPDC (Centre for Probe Development and Commercialization) afin d&rsquo;acc\u00e9l\u00e9rer le d\u00e9veloppement de produits radiopharmaceutiques. Nous offrons des services de laboratoire pour soutenir le d\u00e9veloppement pr\u00e9clinique de produits radiopharmaceutiques, et nos services de conseils vous aident \u00e0 naviguer le processus de d\u00e9veloppement et &#8230; <a title=\"\u00c0 propos de Cadena Research\" class=\"read-more\" href=\"https:\/\/cadenaresearch.com\/fr\/a-propos-de-nous\/\" aria-label=\"Read more about \u00c0 propos de Cadena Research\">Read more<\/a><\/p>\n","protected":false},"author":2,"featured_media":0,"parent":0,"menu_order":0,"comment_status":"closed","ping_status":"closed","template":"elementor_header_footer","meta":{"footnotes":""},"class_list":["post-5739","page","type-page","status-publish"],"aioseo_notices":[],"_links":{"self":[{"href":"https:\/\/cadenaresearch.com\/fr\/wp-json\/wp\/v2\/pages\/5739","targetHints":{"allow":["GET"]}}],"collection":[{"href":"https:\/\/cadenaresearch.com\/fr\/wp-json\/wp\/v2\/pages"}],"about":[{"href":"https:\/\/cadenaresearch.com\/fr\/wp-json\/wp\/v2\/types\/page"}],"author":[{"embeddable":true,"href":"https:\/\/cadenaresearch.com\/fr\/wp-json\/wp\/v2\/users\/2"}],"replies":[{"embeddable":true,"href":"https:\/\/cadenaresearch.com\/fr\/wp-json\/wp\/v2\/comments?post=5739"}],"version-history":[{"count":7,"href":"https:\/\/cadenaresearch.com\/fr\/wp-json\/wp\/v2\/pages\/5739\/revisions"}],"predecessor-version":[{"id":5896,"href":"https:\/\/cadenaresearch.com\/fr\/wp-json\/wp\/v2\/pages\/5739\/revisions\/5896"}],"wp:attachment":[{"href":"https:\/\/cadenaresearch.com\/fr\/wp-json\/wp\/v2\/media?parent=5739"}],"curies":[{"name":"wp","href":"https:\/\/api.w.org\/{rel}","templated":true}]}}